{"id":51307,"date":"2019-02-26T13:44:57","date_gmt":"2019-02-26T12:44:57","guid":{"rendered":"https:\/\/www.stavangerhavn.no\/isps\/"},"modified":"2025-02-10T19:44:36","modified_gmt":"2025-02-10T18:44:36","slug":"isps-draft","status":"publish","type":"page","link":"https:\/\/www.stavangerhavn.no\/en\/isps-draft\/","title":{"rendered":"ISPS Draft"},"content":{"rendered":"<div class=\"wpb-content-wrapper\"><p>[vc_row full_width=&#8221;stretch_row&#8221; parallax=&#8221;content-moving&#8221; css_animation=&#8221;none&#8221; css=&#8221;.vc_custom_1502092585580{padding-top: 6vw !important;padding-bottom: 7vw !important;background-image: url(https:\/\/www.stavangerhavn.no\/wp-content\/uploads\/stavanger-regionen-havn-iks.jpg?id=12021) !important;}&#8221; el_class=&#8221;rowfirst rowimgbg&#8221;][vc_column][vc_column_text]<\/p>\n<h1 style=\"text-align: center;\">ISPS<\/h1>\n<p>[\/vc_column_text][\/vc_column][\/vc_row][vc_row full_width=&#8221;stretch_row&#8221; css_animation=&#8221;none&#8221; css=&#8221;.vc_custom_1499201620296{padding-top: 4vw !important;padding-bottom: 6vw !important;}&#8221;][vc_column 0=&#8221;&#8221;][vc_column_text css=&#8221;.vc_custom_1551186171715{padding-right: 4vw !important;padding-left: 4vw !important;}&#8221;]<\/p>\n<h2 style=\"text-align: center;\">New access solution for all our port facilities!<\/h2>\n<p style=\"text-align: center;\"><strong>A new access solution will now be used for access to all port facilities belonging to the Port of Stavanger.<\/strong><\/p>\n<p>[\/vc_column_text][vc_row_inner][vc_column_inner width=&#8221;1\/2&#8243;][vc_column_text]Access card and driving permit are required in order to gain access to all our port facilities. Drivers and visitors trying to enter our port facilities without required permits, can now register using our new and user-friendly web solution: <a href=\"https:\/\/mobil.stavanger.havn.no\/\" target=\"_blank\" rel=\"noopener noreferrer\">srhd.no<\/a><\/p>\n<p>Once they have registered, a code will be sent to their mobile phone, and they then enter this code at the keypad located outside the gate. It\u2019s as easy as that!<\/p>\n<h3>Avoid quing up<\/h3>\n<p>To avoid creating ques at the gate, all visitors ought to register before they arrive the port facility. Please share this information with anyone who needs it.<\/p>\n<p>Thank you for your cooperation!<br \/>\nKind regards,<br \/>\nArvid B. Nygaard<br \/>\nPort of Stavanger[\/vc_column_text][\/vc_column_inner][vc_column_inner width=&#8221;1\/2&#8243;][vc_single_image image=&#8221;51310&#8243; img_size=&#8221;full&#8221; add_caption=&#8221;yes&#8221;][\/vc_column_inner][\/vc_row_inner][\/vc_column][\/vc_row][vc_row full_width=&#8221;stretch_row&#8221; css_animation=&#8221;none&#8221; css=&#8221;.vc_custom_1498562106001{padding-top: 4vw !important;padding-bottom: 6vw !important;background-color: #f9f7f5 !important;}&#8221; el_class=&#8221;rowlight&#8221;][vc_column][vc_column_text css=&#8221;.vc_custom_1551185354002{padding-right: 4vw !important;padding-left: 4vw !important;}&#8221;]<\/p>\n<h2 style=\"text-align: center;\">Our port facilities where the new access solution will be used<\/h2>\n<p>[\/vc_column_text][vc_row_inner][vc_column_inner width=&#8221;1\/3&#8243;][vc_single_image image=&#8221;51064&#8243; img_size=&#8221;full&#8221; add_caption=&#8221;yes&#8221;][\/vc_column_inner][vc_column_inner width=&#8221;1\/3&#8243;][vc_single_image image=&#8221;51098&#8243; img_size=&#8221;full&#8221; add_caption=&#8221;yes&#8221;][\/vc_column_inner][vc_column_inner width=&#8221;1\/3&#8243;][vc_single_image image=&#8221;51100&#8243; img_size=&#8221;full&#8221; add_caption=&#8221;yes&#8221;][\/vc_column_inner][\/vc_row_inner][vc_row_inner][vc_column_inner width=&#8221;1\/3&#8243;][vc_single_image image=&#8221;51102&#8243; img_size=&#8221;full&#8221; add_caption=&#8221;yes&#8221;][\/vc_column_inner][vc_column_inner width=&#8221;1\/3&#8243;][vc_single_image image=&#8221;51104&#8243; img_size=&#8221;full&#8221; add_caption=&#8221;yes&#8221;][\/vc_column_inner][vc_column_inner width=&#8221;1\/3&#8243;][\/vc_column_inner][\/vc_row_inner][\/vc_column][\/vc_row][vc_row full_width=&#8221;stretch_row&#8221; css_animation=&#8221;none&#8221;][vc_column 0=&#8221;&#8221;][vc_column_text css=&#8221;.vc_custom_1594121315720{padding-right: 4vw !important;padding-left: 4vw !important;}&#8221;]<\/p>\n<h2 lang=\"en\" style=\"text-align: center;\">Contact the Security Center directly: 51 50 12 19<\/h2>\n<p>[\/vc_column_text][\/vc_column][\/vc_row][vc_row full_width=&#8221;stretch_row&#8221; css_animation=&#8221;none&#8221; css=&#8221;.vc_custom_1498562106001{padding-top: 4vw !important;padding-bottom: 6vw !important;background-color: #f9f7f5 !important;}&#8221; el_class=&#8221;rowlight&#8221;][vc_column][vc_column_text css=&#8221;.vc_custom_1594121216565{padding-right: 4vw !important;padding-left: 4vw !important;}&#8221;]<\/p>\n<p style=\"text-align: center;\">The following facilities have status as ISPS terminals: Mekjarvik, V\u00e5gen, Bekhuskaien, Siriskj\u00e6r, Sola Havn (Risavika \u00d8st) and the international terminal at Risavika. ISPS is a global classification system aimed at safeguarding security for vessels and ports worldwide. All those intending to enter an ISPS terminal must present an approved entry card and wear high-visibility clothing. Terminal operators must ensure security clearance of their clients and visitors.<\/p>\n<h3 style=\"text-align: center;\">ENQUIRIES ABOUT PORT SECURITY:<\/h3>\n<p style=\"text-align: center;\">Contact security manager Arvid B. Nygaard at tel.\u00a0<a tabindex=\"0\" href=\"tel:+4791643080\">916 43 080<\/a>\u00a0\/\u00a0<a tabindex=\"0\" href=\"tel:+4751501201\">51 50 12 01<\/a>\u00a0or at\u00a0<a tabindex=\"0\" href=\"mailto:abn@stavanger.havn.no\">abn@stavanger.havn.no<\/a>.<\/p>\n<h3 style=\"text-align: center;\">ARE YOU INTENDING TO DELIVER GOODS OR EQUIPMENT TO VESSELS MOORED AT ONE OF THE ISPS FACILITIES?<\/h3>\n<p style=\"text-align: center;\">Contact our Maritime Service Centre at\u00a0<a tabindex=\"0\" href=\"tel:+4751501201\">+47 51 50 12 01<\/a>\u00a0or send an email to\u00a0<a tabindex=\"0\" href=\"mailto:havneoppsyn@stavanger.havn.no\">havneoppsyn@stavanger.havn.no<\/a>.<\/p>\n<h3 style=\"text-align: center;\">APPLICATION FOR ID CARD OR VEHICLE PERMIT:<\/h3>\n<p style=\"text-align: center;\">Contact Security Coordinator Steffen Mikalsen at\u00a0<a tabindex=\"0\" href=\"tel:+4751501219\">+47 51 50 12 19<\/a>\u00a0or\u00a0<a tabindex=\"0\" href=\"mailto:security@stavanger.havn.no\">security@stavanger.havn.no<\/a><\/p>\n<h3 style=\"text-align: center;\">SECURITY SERVICE CHARGE<\/h3>\n<p style=\"text-align: center;\">Vessels that make use of ISPS-certified mooring facilities must pay a charge of 30% of the stated mooring fee.<\/p>\n<p>[\/vc_column_text][\/vc_column][\/vc_row]<\/p>\n<\/div>","protected":false},"excerpt":{"rendered":"<p>[vc_row full_width=&#8221;stretch_row&#8221; parallax=&#8221;content-moving&#8221; css_animation=&#8221;none&#8221; css=&#8221;.vc_custom_1502092585580{padding-top: 6vw !important;padding-bottom: 7vw !important;background-image: url(https:\/\/www.stavangerhavn.no\/wp-content\/uploads\/stavanger-regionen-havn-iks.jpg?id=12021) !important;}&#8221; el_class=&#8221;rowfirst rowimgbg&#8221;][vc_column][vc_column_text] ISPS [\/vc_column_text][\/vc_column][\/vc_row][vc_row full_width=&#8221;stretch_row&#8221; css_animation=&#8221;none&#8221; css=&#8221;.vc_custom_1499201620296{padding-top: 4vw !important;padding-bottom: 6vw !important;}&#8221;][vc_column 0=&#8221;&#8221;][vc_column_text css=&#8221;.vc_custom_1551186171715{padding-right: 4vw !important;padding-left: 4vw !important;}&#8221;] New access solution for all our port facilities! A new access solution will now be used for access to all port facilities belonging to the Port of [&hellip;]<\/p>\n","protected":false},"author":1,"featured_media":0,"parent":0,"menu_order":0,"comment_status":"closed","ping_status":"closed","template":"","meta":{"footnotes":""},"class_list":["post-51307","page","type-page","status-publish","hentry"],"yoast_head":"<!-- This site is optimized with the Yoast SEO plugin v25.3 - https:\/\/yoast.com\/wordpress\/plugins\/seo\/ -->\n<title>ISPS Draft - Stavangerregionen Havn IKS<\/title>\n<meta name=\"robots\" content=\"index, follow, max-snippet:-1, max-image-preview:large, max-video-preview:-1\" \/>\n<link rel=\"canonical\" href=\"https:\/\/www.stavangerhavn.no\/en\/isps-draft\/\" \/>\n<meta property=\"og:locale\" content=\"en_US\" \/>\n<meta property=\"og:type\" content=\"article\" \/>\n<meta property=\"og:title\" content=\"ISPS Draft - Stavangerregionen Havn IKS\" \/>\n<meta property=\"og:description\" content=\"[vc_row full_width=&#8221;stretch_row&#8221; parallax=&#8221;content-moving&#8221; css_animation=&#8221;none&#8221; css=&#8221;.vc_custom_1502092585580{padding-top: 6vw !important;padding-bottom: 7vw !important;background-image: url(https:\/\/www.stavangerhavn.no\/wp-content\/uploads\/stavanger-regionen-havn-iks.jpg?id=12021) !important;}&#8221; el_class=&#8221;rowfirst rowimgbg&#8221;][vc_column][vc_column_text] ISPS [\/vc_column_text][\/vc_column][\/vc_row][vc_row full_width=&#8221;stretch_row&#8221; css_animation=&#8221;none&#8221; css=&#8221;.vc_custom_1499201620296{padding-top: 4vw !important;padding-bottom: 6vw !important;}&#8221;][vc_column 0=&#8221;&#8221;][vc_column_text css=&#8221;.vc_custom_1551186171715{padding-right: 4vw !important;padding-left: 4vw !important;}&#8221;] New access solution for all our port facilities! A new access solution will now be used for access to all port facilities belonging to the Port of [&hellip;]\" \/>\n<meta property=\"og:url\" content=\"https:\/\/www.stavangerhavn.no\/en\/isps-draft\/\" \/>\n<meta property=\"og:site_name\" content=\"Stavangerregionen Havn IKS\" \/>\n<meta property=\"article:modified_time\" content=\"2025-02-10T18:44:36+00:00\" \/>\n<meta name=\"twitter:card\" content=\"summary_large_image\" \/>\n<meta name=\"twitter:label1\" content=\"Est. reading time\" \/>\n\t<meta name=\"twitter:data1\" content=\"3 minutes\" \/>\n<script type=\"application\/ld+json\" class=\"yoast-schema-graph\">{\"@context\":\"https:\/\/schema.org\",\"@graph\":[{\"@type\":\"WebPage\",\"@id\":\"https:\/\/www.stavangerhavn.no\/en\/isps-draft\/\",\"url\":\"https:\/\/www.stavangerhavn.no\/en\/isps-draft\/\",\"name\":\"ISPS Draft - Stavangerregionen Havn IKS\",\"isPartOf\":{\"@id\":\"https:\/\/www.stavangerhavn.no\/#website\"},\"datePublished\":\"2019-02-26T12:44:57+00:00\",\"dateModified\":\"2025-02-10T18:44:36+00:00\",\"breadcrumb\":{\"@id\":\"https:\/\/www.stavangerhavn.no\/en\/isps-draft\/#breadcrumb\"},\"inLanguage\":\"en-US\",\"potentialAction\":[{\"@type\":\"ReadAction\",\"target\":[\"https:\/\/www.stavangerhavn.no\/en\/isps-draft\/\"]}]},{\"@type\":\"BreadcrumbList\",\"@id\":\"https:\/\/www.stavangerhavn.no\/en\/isps-draft\/#breadcrumb\",\"itemListElement\":[{\"@type\":\"ListItem\",\"position\":1,\"name\":\"Hjem\",\"item\":\"https:\/\/www.stavangerhavn.no\/en\/\"},{\"@type\":\"ListItem\",\"position\":2,\"name\":\"ISPS Draft\"}]},{\"@type\":\"WebSite\",\"@id\":\"https:\/\/www.stavangerhavn.no\/#website\",\"url\":\"https:\/\/www.stavangerhavn.no\/\",\"name\":\"Stavangerregionen Havn IKS\",\"description\":\"\",\"potentialAction\":[{\"@type\":\"SearchAction\",\"target\":{\"@type\":\"EntryPoint\",\"urlTemplate\":\"https:\/\/www.stavangerhavn.no\/?s={search_term_string}\"},\"query-input\":{\"@type\":\"PropertyValueSpecification\",\"valueRequired\":true,\"valueName\":\"search_term_string\"}}],\"inLanguage\":\"en-US\"}]}<\/script>\n<!-- \/ Yoast SEO plugin. -->","yoast_head_json":{"title":"ISPS Draft - Stavangerregionen Havn IKS","robots":{"index":"index","follow":"follow","max-snippet":"max-snippet:-1","max-image-preview":"max-image-preview:large","max-video-preview":"max-video-preview:-1"},"canonical":"https:\/\/www.stavangerhavn.no\/en\/isps-draft\/","og_locale":"en_US","og_type":"article","og_title":"ISPS Draft - Stavangerregionen Havn IKS","og_description":"[vc_row full_width=&#8221;stretch_row&#8221; parallax=&#8221;content-moving&#8221; css_animation=&#8221;none&#8221; css=&#8221;.vc_custom_1502092585580{padding-top: 6vw !important;padding-bottom: 7vw !important;background-image: url(https:\/\/www.stavangerhavn.no\/wp-content\/uploads\/stavanger-regionen-havn-iks.jpg?id=12021) !important;}&#8221; el_class=&#8221;rowfirst rowimgbg&#8221;][vc_column][vc_column_text] ISPS [\/vc_column_text][\/vc_column][\/vc_row][vc_row full_width=&#8221;stretch_row&#8221; css_animation=&#8221;none&#8221; css=&#8221;.vc_custom_1499201620296{padding-top: 4vw !important;padding-bottom: 6vw !important;}&#8221;][vc_column 0=&#8221;&#8221;][vc_column_text css=&#8221;.vc_custom_1551186171715{padding-right: 4vw !important;padding-left: 4vw !important;}&#8221;] New access solution for all our port facilities! A new access solution will now be used for access to all port facilities belonging to the Port of [&hellip;]","og_url":"https:\/\/www.stavangerhavn.no\/en\/isps-draft\/","og_site_name":"Stavangerregionen Havn IKS","article_modified_time":"2025-02-10T18:44:36+00:00","twitter_card":"summary_large_image","twitter_misc":{"Est. reading time":"3 minutes"},"schema":{"@context":"https:\/\/schema.org","@graph":[{"@type":"WebPage","@id":"https:\/\/www.stavangerhavn.no\/en\/isps-draft\/","url":"https:\/\/www.stavangerhavn.no\/en\/isps-draft\/","name":"ISPS Draft - Stavangerregionen Havn IKS","isPartOf":{"@id":"https:\/\/www.stavangerhavn.no\/#website"},"datePublished":"2019-02-26T12:44:57+00:00","dateModified":"2025-02-10T18:44:36+00:00","breadcrumb":{"@id":"https:\/\/www.stavangerhavn.no\/en\/isps-draft\/#breadcrumb"},"inLanguage":"en-US","potentialAction":[{"@type":"ReadAction","target":["https:\/\/www.stavangerhavn.no\/en\/isps-draft\/"]}]},{"@type":"BreadcrumbList","@id":"https:\/\/www.stavangerhavn.no\/en\/isps-draft\/#breadcrumb","itemListElement":[{"@type":"ListItem","position":1,"name":"Hjem","item":"https:\/\/www.stavangerhavn.no\/en\/"},{"@type":"ListItem","position":2,"name":"ISPS Draft"}]},{"@type":"WebSite","@id":"https:\/\/www.stavangerhavn.no\/#website","url":"https:\/\/www.stavangerhavn.no\/","name":"Stavangerregionen Havn IKS","description":"","potentialAction":[{"@type":"SearchAction","target":{"@type":"EntryPoint","urlTemplate":"https:\/\/www.stavangerhavn.no\/?s={search_term_string}"},"query-input":{"@type":"PropertyValueSpecification","valueRequired":true,"valueName":"search_term_string"}}],"inLanguage":"en-US"}]}},"_links":{"self":[{"href":"https:\/\/www.stavangerhavn.no\/en\/wp-json\/wp\/v2\/pages\/51307","targetHints":{"allow":["GET"]}}],"collection":[{"href":"https:\/\/www.stavangerhavn.no\/en\/wp-json\/wp\/v2\/pages"}],"about":[{"href":"https:\/\/www.stavangerhavn.no\/en\/wp-json\/wp\/v2\/types\/page"}],"author":[{"embeddable":true,"href":"https:\/\/www.stavangerhavn.no\/en\/wp-json\/wp\/v2\/users\/1"}],"replies":[{"embeddable":true,"href":"https:\/\/www.stavangerhavn.no\/en\/wp-json\/wp\/v2\/comments?post=51307"}],"version-history":[{"count":4,"href":"https:\/\/www.stavangerhavn.no\/en\/wp-json\/wp\/v2\/pages\/51307\/revisions"}],"predecessor-version":[{"id":192121,"href":"https:\/\/www.stavangerhavn.no\/en\/wp-json\/wp\/v2\/pages\/51307\/revisions\/192121"}],"wp:attachment":[{"href":"https:\/\/www.stavangerhavn.no\/en\/wp-json\/wp\/v2\/media?parent=51307"}],"curies":[{"name":"wp","href":"https:\/\/api.w.org\/{rel}","templated":true}]}}