{"id":39040,"date":"2016-09-06T20:44:34","date_gmt":"2016-09-06T18:44:34","guid":{"rendered":"https:\/\/www.stavangerhavn.no\/about\/hms\/"},"modified":"2025-03-17T00:50:56","modified_gmt":"2025-03-16T23:50:56","slug":"hse","status":"publish","type":"page","link":"https:\/\/www.stavangerhavn.no\/en\/about\/hse\/","title":{"rendered":"HSE"},"content":{"rendered":"<div class=\"wpb-content-wrapper\"><p>[vc_row full_width=&#8221;stretch_row&#8221; parallax=&#8221;content-moving&#8221; css_animation=&#8221;none&#8221; el_class=&#8221;rowfirst rowimgbg&#8221; css=&#8221;.vc_custom_1499200568459{padding-top: 6vw !important;padding-bottom: 7vw !important;background-image: url(https:\/\/www.stavangerhavn.no\/wp-content\/uploads\/temp-bg-top.jpg?id=60) !important;}&#8221;][vc_column][vc_column_text]<\/p>\n<h1 style=\"text-align: center;\">HSE<\/h1>\n<p>[\/vc_column_text][\/vc_column][\/vc_row][vc_row full_width=&#8221;stretch_row&#8221; css_animation=&#8221;none&#8221; css=&#8221;.vc_custom_1742168756166{padding-top: 4vw !important;padding-bottom: 6vw !important;}&#8221; el_class=&#8221;tableContainer&#8221;][vc_column][vc_column_text]<\/p>\n<h2 style=\"text-align: center;\">Port of Stavanger \u2013 Environmental Plan (2016-2017)<\/h2>\n<p style=\"text-align: center;\"><strong>Main objective<\/strong><br \/>\nThe Port of Stavanger aims to offer efficient, competitive and environmentally sustainable services.<br \/>\nWe aim to be fully aware of our impact on the environment, and this awareness shall form the basis of our management\u2019s policy strategies.<br \/>\nWe aim to limit our impact on climate change, and reduce resource consumption and our impact on the local environment.<br \/>\nWe shall facilitate efficient and environmentally sustainable services at all our port facilities.<br \/>\nWe shall disseminate and adhere to our environmental plan, both in-house and externally.<\/p>\n<table>\n<tbody>\n<tr>\n<th style=\"width: 20%;\">Target areas<\/th>\n<th style=\"width: 80%;\">Actions\/resources<\/th>\n<\/tr>\n<tr>\n<td>Environmental initiatives<\/td>\n<td>Adapt the environmental plan\/policies to owner municipality needs<br \/>\nCompetitiveness, efficiency and improved environmental profiling\/facilitation<br \/>\nParticipation in the GreenPort information resource, etc.<br \/>\nPreventive maintenance and improvement work<\/td>\n<\/tr>\n<tr>\n<td>Energy<\/td>\n<td>Assess energy consumption<br \/>\nReport on energy-saving initiatives<br \/>\nApply for funding from Enova (green subsidies)<br \/>\nPut in place energy-saving initiatives at port facilities<\/td>\n<\/tr>\n<tr>\n<td>Greenhouse gas emissions<\/td>\n<td>Focus on environmentally sound alternatives during procurement processes<br \/>\nOffer discounts to vessels installed with green technology<\/td>\n<\/tr>\n<tr>\n<td>Vessel AMP\/OPS<\/td>\n<td>Evaluate alternatives<br \/>\nIssue invitations to tender for AMP\/OPS for offshore vessels<\/td>\n<\/tr>\n<tr>\n<td>Noise<\/td>\n<td>Effective follow-up<br \/>\nCarry out measurements<br \/>\nStrategic noise surveys<\/td>\n<\/tr>\n<tr>\n<td>Waste<\/td>\n<td>Waste management plan<br \/>\nIncreased levels of recycling<br \/>\nEffective signposting and functional waste disposal stations<\/td>\n<\/tr>\n<tr>\n<td>Emergency response<\/td>\n<td>Carry our regular emergency response exercises<\/td>\n<\/tr>\n<tr>\n<td>Procurement<\/td>\n<td>Obtain awareness as to how procurement policies can affect our environmental footprint<\/td>\n<\/tr>\n<\/tbody>\n<\/table>\n<p>&nbsp;[\/vc_column_text][vc_btn title=&#8221;\u00a0Environmental plan 2016-2017 (pdf in norwegian)&#8221; style=&#8221;custom&#8221; custom_background=&#8221;#dcc27a&#8221; custom_text=&#8221;#ffffff&#8221; shape=&#8221;round&#8221; align=&#8221;center&#8221; el_class=&#8221;yellowBtn&#8221; link=&#8221;url:https%3A%2F%2Fwww.stavangerhavn.no%2Fwp-content%2Fuploads%2FStavangerregionen-Havn-Milj%C3%B8plan-2016-2017.pdf|target:_blank&#8221;][\/vc_column][\/vc_row][vc_row full_width=&#8221;stretch_row&#8221; css_animation=&#8221;none&#8221; css=&#8221;.vc_custom_1742168909702{padding-top: 4vw !important;padding-bottom: 6vw !important;background-color: #f9f7f5 !important;}&#8221; el_class=&#8221;rowlight linearBackground&#8221;][vc_column][vc_column_text]<\/p>\n<h2 style=\"text-align: center;\">Noise<\/h2>\n<p style=\"text-align: center;\">The ports in the Stavanger region experience intense levels of activity involving both public and private sector port departments and mooring facilities. Noise reduction is a key part of the work being carried out at the various port facilities, and initiatives are continually under review. If you are inconvenienced by noise linked to work taking place at one of our port facilities, please contact us at tel. <a href=\"tel:+4751501201\">+47 51 50 12 01<\/a>.<\/p>\n<p style=\"text-align: center;\"><a href=\"https:\/\/www.stavangerhavn.no\/wp-content\/uploads\/Delrapport-Strategisk-St\u00f8ykartlegging-2011.pdf\"><u>Subsidiary Report: Strategic Noise Mapping Assessment 2011 (pdf in Norwegian)<\/u><\/a><\/p>\n<p style=\"text-align: center;\"><a href=\"https:\/\/www.stavangerhavn.no\/wp-content\/uploads\/St\u00f8ysonekart-1-7.pdf\">Noise Zone Map 1-7 (pdf in Norwegian)<\/a><\/p>\n<p>[\/vc_column_text][\/vc_column][\/vc_row][vc_row full_width=&#8221;stretch_row&#8221; css_animation=&#8221;none&#8221; css=&#8221;.vc_custom_1742169018914{padding-top: 4vw !important;padding-bottom: 6vw !important;background-color: #1b2134 !important;}&#8221; el_id=&#8221;isps middleBanner&#8221; el_class=&#8221;middleBanner&#8221;][vc_column][vc_column_text]<\/p>\n<h2 style=\"text-align: center;\">ISPS<\/h2>\n<p style=\"text-align: center;\">The following facilities have status as ISPS terminals: Mekjarvik, V\u00e5gen, Bekhuskaien, Siriskj\u00e6r, Sola Havn (Risavika \u00d8st) and the international terminal at Risavika. ISPS is a global classification system aimed at safeguarding security for vessels and ports worldwide. All those intending to enter an ISPS terminal must present an approved entry card and wear high-visibility clothing. Terminal operators must ensure security clearance of their clients and visitors.<\/p>\n<h3 style=\"text-align: center;\">Enquiries about port security:<\/h3>\n<p style=\"text-align: center;\">Contact security manager Arvid B. Nygaard at tel. <a href=\"tel:+4791643080\">916 43 080<\/a> \/ <a href=\"tel:+4751501201\">51 50 12 01<\/a>\u00a0or at <a href=\"mailto:abn@stavanger.havn.no\">abn@stavanger.havn.no<\/a>.<\/p>\n<h3 style=\"text-align: center;\">Are you intending to deliver goods or equipment to vessels moored at one of the ISPS facilities?<\/h3>\n<p style=\"text-align: center;\">Contact our Maritime Service Centre at <a href=\"tel:+4751501201\">+47 51 50 12 01<\/a> or send an email to <a href=\"mailto:havneoppsyn@stavanger.havn.no\">havneoppsyn@stavanger.havn.no<\/a>.<\/p>\n<h3 style=\"text-align: center;\">Application for ID card or vehicle permit:<\/h3>\n<p style=\"text-align: center;\">Contact Security Coordinator Steffen Mikalsen at <a href=\"tel:+4751501219\">+47 51 50 12 19<\/a> or <a href=\"mailto:security@stavanger.havn.no\">security@stavanger.havn.no<\/a><\/p>\n<h3 style=\"text-align: center;\">Security service charge<\/h3>\n<p style=\"text-align: center;\">Vessels that make use of ISPS-certified mooring facilities must pay a charge of 30% of the stated mooring fee.<\/p>\n<p>[\/vc_column_text][\/vc_column][\/vc_row]<\/p>\n<\/div>","protected":false},"excerpt":{"rendered":"<p>[vc_row full_width=&#8221;stretch_row&#8221; parallax=&#8221;content-moving&#8221; css_animation=&#8221;none&#8221; el_class=&#8221;rowfirst rowimgbg&#8221; css=&#8221;.vc_custom_1499200568459{padding-top: 6vw !important;padding-bottom: 7vw !important;background-image: url(https:\/\/www.stavangerhavn.no\/wp-content\/uploads\/temp-bg-top.jpg?id=60) !important;}&#8221;][vc_column][vc_column_text] HSE [\/vc_column_text][\/vc_column][\/vc_row][vc_row full_width=&#8221;stretch_row&#8221; css_animation=&#8221;none&#8221; css=&#8221;.vc_custom_1742168756166{padding-top: 4vw !important;padding-bottom: 6vw !important;}&#8221; el_class=&#8221;tableContainer&#8221;][vc_column][vc_column_text] Port of Stavanger \u2013 Environmental Plan (2016-2017) Main objective The Port of Stavanger aims to offer efficient, competitive and environmentally sustainable services. We aim to be fully aware of our impact on [&hellip;]<\/p>\n","protected":false},"author":1,"featured_media":0,"parent":39018,"menu_order":2,"comment_status":"closed","ping_status":"closed","template":"","meta":{"footnotes":""},"class_list":["post-39040","page","type-page","status-publish","hentry"],"yoast_head":"<!-- This site is optimized with the Yoast SEO plugin v25.3 - https:\/\/yoast.com\/wordpress\/plugins\/seo\/ -->\n<title>HSE - Stavangerregionen Havn IKS<\/title>\n<meta name=\"robots\" content=\"index, follow, max-snippet:-1, max-image-preview:large, max-video-preview:-1\" \/>\n<link rel=\"canonical\" href=\"https:\/\/www.stavangerhavn.no\/en\/about\/hse\/\" \/>\n<meta property=\"og:locale\" content=\"en_US\" \/>\n<meta property=\"og:type\" content=\"article\" \/>\n<meta property=\"og:title\" content=\"HSE - Stavangerregionen Havn IKS\" \/>\n<meta property=\"og:description\" content=\"[vc_row full_width=&#8221;stretch_row&#8221; parallax=&#8221;content-moving&#8221; css_animation=&#8221;none&#8221; el_class=&#8221;rowfirst rowimgbg&#8221; css=&#8221;.vc_custom_1499200568459{padding-top: 6vw !important;padding-bottom: 7vw !important;background-image: url(https:\/\/www.stavangerhavn.no\/wp-content\/uploads\/temp-bg-top.jpg?id=60) !important;}&#8221;][vc_column][vc_column_text] HSE [\/vc_column_text][\/vc_column][\/vc_row][vc_row full_width=&#8221;stretch_row&#8221; css_animation=&#8221;none&#8221; css=&#8221;.vc_custom_1742168756166{padding-top: 4vw !important;padding-bottom: 6vw !important;}&#8221; el_class=&#8221;tableContainer&#8221;][vc_column][vc_column_text] Port of Stavanger \u2013 Environmental Plan (2016-2017) Main objective The Port of Stavanger aims to offer efficient, competitive and environmentally sustainable services. We aim to be fully aware of our impact on [&hellip;]\" \/>\n<meta property=\"og:url\" content=\"https:\/\/www.stavangerhavn.no\/en\/about\/hse\/\" \/>\n<meta property=\"og:site_name\" content=\"Stavangerregionen Havn IKS\" \/>\n<meta property=\"article:modified_time\" content=\"2025-03-16T23:50:56+00:00\" \/>\n<meta name=\"twitter:card\" content=\"summary_large_image\" \/>\n<meta name=\"twitter:label1\" content=\"Est. reading time\" \/>\n\t<meta name=\"twitter:data1\" content=\"3 minutes\" \/>\n<script type=\"application\/ld+json\" class=\"yoast-schema-graph\">{\"@context\":\"https:\/\/schema.org\",\"@graph\":[{\"@type\":\"WebPage\",\"@id\":\"https:\/\/www.stavangerhavn.no\/en\/about\/hse\/\",\"url\":\"https:\/\/www.stavangerhavn.no\/en\/about\/hse\/\",\"name\":\"HSE - Stavangerregionen Havn IKS\",\"isPartOf\":{\"@id\":\"https:\/\/www.stavangerhavn.no\/#website\"},\"datePublished\":\"2016-09-06T18:44:34+00:00\",\"dateModified\":\"2025-03-16T23:50:56+00:00\",\"breadcrumb\":{\"@id\":\"https:\/\/www.stavangerhavn.no\/en\/about\/hse\/#breadcrumb\"},\"inLanguage\":\"en-US\",\"potentialAction\":[{\"@type\":\"ReadAction\",\"target\":[\"https:\/\/www.stavangerhavn.no\/en\/about\/hse\/\"]}]},{\"@type\":\"BreadcrumbList\",\"@id\":\"https:\/\/www.stavangerhavn.no\/en\/about\/hse\/#breadcrumb\",\"itemListElement\":[{\"@type\":\"ListItem\",\"position\":1,\"name\":\"Hjem\",\"item\":\"https:\/\/www.stavangerhavn.no\/en\/\"},{\"@type\":\"ListItem\",\"position\":2,\"name\":\"About\",\"item\":\"https:\/\/www.stavangerhavn.no\/en\/about\/\"},{\"@type\":\"ListItem\",\"position\":3,\"name\":\"HSE\"}]},{\"@type\":\"WebSite\",\"@id\":\"https:\/\/www.stavangerhavn.no\/#website\",\"url\":\"https:\/\/www.stavangerhavn.no\/\",\"name\":\"Stavangerregionen Havn IKS\",\"description\":\"\",\"potentialAction\":[{\"@type\":\"SearchAction\",\"target\":{\"@type\":\"EntryPoint\",\"urlTemplate\":\"https:\/\/www.stavangerhavn.no\/?s={search_term_string}\"},\"query-input\":{\"@type\":\"PropertyValueSpecification\",\"valueRequired\":true,\"valueName\":\"search_term_string\"}}],\"inLanguage\":\"en-US\"}]}<\/script>\n<!-- \/ Yoast SEO plugin. -->","yoast_head_json":{"title":"HSE - Stavangerregionen Havn IKS","robots":{"index":"index","follow":"follow","max-snippet":"max-snippet:-1","max-image-preview":"max-image-preview:large","max-video-preview":"max-video-preview:-1"},"canonical":"https:\/\/www.stavangerhavn.no\/en\/about\/hse\/","og_locale":"en_US","og_type":"article","og_title":"HSE - Stavangerregionen Havn IKS","og_description":"[vc_row full_width=&#8221;stretch_row&#8221; parallax=&#8221;content-moving&#8221; css_animation=&#8221;none&#8221; el_class=&#8221;rowfirst rowimgbg&#8221; css=&#8221;.vc_custom_1499200568459{padding-top: 6vw !important;padding-bottom: 7vw !important;background-image: url(https:\/\/www.stavangerhavn.no\/wp-content\/uploads\/temp-bg-top.jpg?id=60) !important;}&#8221;][vc_column][vc_column_text] HSE [\/vc_column_text][\/vc_column][\/vc_row][vc_row full_width=&#8221;stretch_row&#8221; css_animation=&#8221;none&#8221; css=&#8221;.vc_custom_1742168756166{padding-top: 4vw !important;padding-bottom: 6vw !important;}&#8221; el_class=&#8221;tableContainer&#8221;][vc_column][vc_column_text] Port of Stavanger \u2013 Environmental Plan (2016-2017) Main objective The Port of Stavanger aims to offer efficient, competitive and environmentally sustainable services. We aim to be fully aware of our impact on [&hellip;]","og_url":"https:\/\/www.stavangerhavn.no\/en\/about\/hse\/","og_site_name":"Stavangerregionen Havn IKS","article_modified_time":"2025-03-16T23:50:56+00:00","twitter_card":"summary_large_image","twitter_misc":{"Est. reading time":"3 minutes"},"schema":{"@context":"https:\/\/schema.org","@graph":[{"@type":"WebPage","@id":"https:\/\/www.stavangerhavn.no\/en\/about\/hse\/","url":"https:\/\/www.stavangerhavn.no\/en\/about\/hse\/","name":"HSE - Stavangerregionen Havn IKS","isPartOf":{"@id":"https:\/\/www.stavangerhavn.no\/#website"},"datePublished":"2016-09-06T18:44:34+00:00","dateModified":"2025-03-16T23:50:56+00:00","breadcrumb":{"@id":"https:\/\/www.stavangerhavn.no\/en\/about\/hse\/#breadcrumb"},"inLanguage":"en-US","potentialAction":[{"@type":"ReadAction","target":["https:\/\/www.stavangerhavn.no\/en\/about\/hse\/"]}]},{"@type":"BreadcrumbList","@id":"https:\/\/www.stavangerhavn.no\/en\/about\/hse\/#breadcrumb","itemListElement":[{"@type":"ListItem","position":1,"name":"Hjem","item":"https:\/\/www.stavangerhavn.no\/en\/"},{"@type":"ListItem","position":2,"name":"About","item":"https:\/\/www.stavangerhavn.no\/en\/about\/"},{"@type":"ListItem","position":3,"name":"HSE"}]},{"@type":"WebSite","@id":"https:\/\/www.stavangerhavn.no\/#website","url":"https:\/\/www.stavangerhavn.no\/","name":"Stavangerregionen Havn IKS","description":"","potentialAction":[{"@type":"SearchAction","target":{"@type":"EntryPoint","urlTemplate":"https:\/\/www.stavangerhavn.no\/?s={search_term_string}"},"query-input":{"@type":"PropertyValueSpecification","valueRequired":true,"valueName":"search_term_string"}}],"inLanguage":"en-US"}]}},"_links":{"self":[{"href":"https:\/\/www.stavangerhavn.no\/en\/wp-json\/wp\/v2\/pages\/39040","targetHints":{"allow":["GET"]}}],"collection":[{"href":"https:\/\/www.stavangerhavn.no\/en\/wp-json\/wp\/v2\/pages"}],"about":[{"href":"https:\/\/www.stavangerhavn.no\/en\/wp-json\/wp\/v2\/types\/page"}],"author":[{"embeddable":true,"href":"https:\/\/www.stavangerhavn.no\/en\/wp-json\/wp\/v2\/users\/1"}],"replies":[{"embeddable":true,"href":"https:\/\/www.stavangerhavn.no\/en\/wp-json\/wp\/v2\/comments?post=39040"}],"version-history":[{"count":2,"href":"https:\/\/www.stavangerhavn.no\/en\/wp-json\/wp\/v2\/pages\/39040\/revisions"}],"predecessor-version":[{"id":192561,"href":"https:\/\/www.stavangerhavn.no\/en\/wp-json\/wp\/v2\/pages\/39040\/revisions\/192561"}],"up":[{"embeddable":true,"href":"https:\/\/www.stavangerhavn.no\/en\/wp-json\/wp\/v2\/pages\/39018"}],"wp:attachment":[{"href":"https:\/\/www.stavangerhavn.no\/en\/wp-json\/wp\/v2\/media?parent=39040"}],"curies":[{"name":"wp","href":"https:\/\/api.w.org\/{rel}","templated":true}]}}